{"id":27,"date":"2016-06-21T22:38:18","date_gmt":"2016-06-21T21:38:18","guid":{"rendered":"https:\/\/the7.io\/construction\/?page_id=27"},"modified":"2024-05-14T16:46:32","modified_gmt":"2024-05-14T16:46:32","slug":"services","status":"publish","type":"page","link":"https:\/\/leaklab.net\/?page_id=27","title":{"rendered":"Services"},"content":{"rendered":"<div class=\"wpb-content-wrapper\"><p>[vc_row][vc_column][vc_empty_space height=\u00bb75&#8243;]<div class=\"dt-fancy-separator h1-size style-disabled accent-title-color\" style=\"width: 100%;\"><div class=\"dt-fancy-title\"><span class=\"separator-holder separator-left\"><\/span>SERVICIOS<span class=\"separator-holder separator-right\"><\/span><\/div><\/div>[vc_empty_space height=\u00bb35&#8243;][vc_column_text css=\u00bb\u00bb]<\/p>\n<p style=\"text-align: center;\">El uso de nuevas tecnolog\u00edas genera un gran impacto en la detecci\u00f3n de fugas, as\u00ed como la identificaci\u00f3n por p\u00e9rdida de producto ocasionada por robos; trayendo consigo ahorros importantes.<\/p>\n<p>[\/vc_column_text][\/vc_column][\/vc_row][vc_row css=\u00bb.vc_custom_1715702489212{padding-top: 25px !important;}\u00bb][vc_column width=\u00bb1\/2&#8243;][vc_row_inner css=\u00bb.vc_custom_1495105364136{padding-top: 30px !important;padding-right: 30px !important;padding-bottom: 40px !important;padding-left: 30px !important;}\u00bb][vc_column_inner][vc_column_text css=\u00bb.vc_custom_1715701931489{padding-bottom: 20px !important;}\u00bb]<\/p>\n<h3>FUGAS EN<strong> DUCTOS<\/strong><\/h3>\n<p>Las redes de distribuci\u00f3n de hidrocarburos han aumentado la demanda de los sistemas de supervisi\u00f3n y monitoreo autom\u00e1tico para la detecci\u00f3n de robos y fugas de la misma.<\/p>\n<p>Los incidentes m\u00e1s frecuentes que se generan cuando hay una fuga en ducto:<\/p>\n<p>&nbsp;<\/p>\n<ul type=\"circle\">\n<li>Da\u00f1os a la propiedad.<\/li>\n<li>Da\u00f1os al medio ambiente.<\/li>\n<li>Mala reputaci\u00f3n.<\/li>\n<li>Perdida financiera.<\/li>\n<\/ul>\n<p>&nbsp;<\/p>\n<p>El principal objetivo de nuevas tecnolog\u00edas para la detecci\u00f3n de fugas y\/o actos il\u00edcitos es la relaci\u00f3n costo\/beneficio del producto y al mismo tiempo minimizar da\u00f1os causados a la naturaleza. Desgraciadamente en la media que los hidrocarburos se convierten en productos comerciales indispensables, el problema ecol\u00f3gico paso a un segundo plano. Es por ello que los hidrocarburos tienen un gran potencial para da\u00f1ar el medio ambiente por lo cual, su explotaci\u00f3n y consumo demandan racionalidad y sea necesario aplicar nuestros conocimientos y \u00e9tica para evitar da\u00f1os irreversibles al medio ambiente.[\/vc_column_text][vc_progress_bar values=\u00bb%5B%7B%22label%22%3A%22R%C3%ADos%2C%20lagunas%20y%20pantanos%22%2C%22value%22%3A%2269%22%2C%22color%22%3A%22vista-blue%22%7D%2C%7B%22label%22%3A%22Agr%C3%ADcolas%20y%20ganaderas%22%2C%22value%22%3A%2270%22%2C%22color%22%3A%22bar_blue%22%7D%2C%7B%22label%22%3A%22Otras%20%C3%A1reas%20contaminadas%22%2C%22value%22%3A%2240%22%2C%22color%22%3A%22bar_orange%22%7D%5D\u00bb options=\u00bbstriped,animated\u00bb css=\u00bb\u00bb bgstyle=\u00bbtransparent\u00bb units=\u00bb%\u00bb][\/vc_column_inner][\/vc_row_inner][\/vc_column][vc_column width=\u00bb1\/2&#8243;][vc_row_inner css=\u00bb.vc_custom_1715702000361{padding-top: 30px !important;padding-right: 30px !important;padding-bottom: 40px !important;padding-left: 30px !important;}\u00bb][vc_column_inner]<style type=\"text\/css\" data-type=\"the7_shortcodes-inline-css\">.shortcode-single-image-wrap.shortcode-single-image-b8f2e92b56cda913a6682843a24ad39e.enable-bg-rollover .rollover i,\n.shortcode-single-image-wrap.shortcode-single-image-b8f2e92b56cda913a6682843a24ad39e.enable-bg-rollover .rollover-video i {\n  background: -webkit-linear-gradient();\n  background: linear-gradient();\n}\n.shortcode-single-image-wrap.shortcode-single-image-b8f2e92b56cda913a6682843a24ad39e .rollover-icon {\n  font-size: 32px;\n  color: #ffffff;\n  min-width: 44px;\n  min-height: 44px;\n  line-height: 44px;\n  border-radius: 100px;\n  border-style: solid;\n  border-width: 0px;\n}\n.dt-icon-bg-on.shortcode-single-image-wrap.shortcode-single-image-b8f2e92b56cda913a6682843a24ad39e .rollover-icon {\n  background: rgba(255,255,255,0.3);\n  box-shadow: none;\n}\n<\/style><div class=\"shortcode-single-image-wrap shortcode-single-image-b8f2e92b56cda913a6682843a24ad39e alignnone  enable-bg-rollover dt-icon-bg-off\" style=\"margin-top:0px; margin-bottom:0px; margin-left:0px; margin-right:0px; width:900px;\"><div class=\"shortcode-single-image\"><div class=\"fancy-media-wrap  layzr-bg\" style=\"\"><img fetchpriority=\"high\" decoding=\"async\" class=\"preload-me lazy-load aspect\" src=\"data:image\/svg+xml,%3Csvg%20xmlns%3D&#39;http%3A%2F%2Fwww.w3.org%2F2000%2Fsvg&#39;%20viewBox%3D&#39;0%200%20469%20312&#39;%2F%3E\" data-src=\"https:\/\/leaklab.net\/wordpress_9\/wp-content\/uploads\/2024\/05\/5-1-469x312.jpg\" data-srcset=\"https:\/\/leaklab.net\/wordpress_9\/wp-content\/uploads\/2024\/05\/5-1-469x312.jpg 469w\" loading=\"eager\" sizes=\"(max-width: 469px) 100vw, 469px\" width=\"469\" height=\"312\"  data-dt-location=\"https:\/\/leaklab.net\/?attachment_id=1430\" style=\"--ratio: 469 \/ 312;\" alt=\"\" \/><\/div><\/div><\/div>[vc_empty_space height=\u00bb25&#8243;]<style type=\"text\/css\" data-type=\"the7_shortcodes-inline-css\">.shortcode-single-image-wrap.shortcode-single-image-484c85d5ee4a660f526548827adf6660.enable-bg-rollover .rollover i,\n.shortcode-single-image-wrap.shortcode-single-image-484c85d5ee4a660f526548827adf6660.enable-bg-rollover .rollover-video i {\n  background: -webkit-linear-gradient();\n  background: linear-gradient();\n}\n.shortcode-single-image-wrap.shortcode-single-image-484c85d5ee4a660f526548827adf6660 .rollover-icon {\n  font-size: 32px;\n  color: #ffffff;\n  min-width: 44px;\n  min-height: 44px;\n  line-height: 44px;\n  border-radius: 100px;\n  border-style: solid;\n  border-width: 0px;\n}\n.dt-icon-bg-on.shortcode-single-image-wrap.shortcode-single-image-484c85d5ee4a660f526548827adf6660 .rollover-icon {\n  background: rgba(255,255,255,0.3);\n  box-shadow: none;\n}\n<\/style><div class=\"shortcode-single-image-wrap shortcode-single-image-484c85d5ee4a660f526548827adf6660 alignnone  enable-bg-rollover dt-icon-bg-off\" style=\"margin-top:0px; margin-bottom:0px; margin-left:0px; margin-right:0px; width:900px;\"><div class=\"shortcode-single-image\"><div class=\"fancy-media-wrap  layzr-bg\" style=\"\"><img decoding=\"async\" class=\"preload-me lazy-load aspect\" src=\"data:image\/svg+xml,%3Csvg%20xmlns%3D&#39;http%3A%2F%2Fwww.w3.org%2F2000%2Fsvg&#39;%20viewBox%3D&#39;0%200%20900%20600&#39;%2F%3E\" data-src=\"https:\/\/leaklab.net\/wordpress_9\/wp-content\/uploads\/2024\/05\/MAPA-FUGA-01-900x600.png\" data-srcset=\"https:\/\/leaklab.net\/wordpress_9\/wp-content\/uploads\/2024\/05\/MAPA-FUGA-01-900x600.png 900w, https:\/\/leaklab.net\/wordpress_9\/wp-content\/uploads\/2024\/05\/MAPA-FUGA-01-1800x1200.png 1800w\" loading=\"eager\" sizes=\"(max-width: 900px) 100vw, 900px\" width=\"900\" height=\"600\"  data-dt-location=\"https:\/\/leaklab.net\/?attachment_id=1422\" style=\"--ratio: 900 \/ 600;\" alt=\"\" \/><\/div><\/div><\/div>[\/vc_column_inner][\/vc_row_inner][\/vc_column][\/vc_row][vc_row][vc_column width=\u00bb1\/2&#8243;]<style type=\"text\/css\" data-type=\"the7_shortcodes-inline-css\">.shortcode-single-image-wrap.shortcode-single-image-70c29223a39b9942bfd174d7b98281eb.enable-bg-rollover .rollover i,\n.shortcode-single-image-wrap.shortcode-single-image-70c29223a39b9942bfd174d7b98281eb.enable-bg-rollover .rollover-video i {\n  background: -webkit-linear-gradient();\n  background: linear-gradient();\n}\n.shortcode-single-image-wrap.shortcode-single-image-70c29223a39b9942bfd174d7b98281eb .rollover-icon {\n  font-size: 32px;\n  color: #ffffff;\n  min-width: 44px;\n  min-height: 44px;\n  line-height: 44px;\n  border-radius: 100px;\n  border-style: solid;\n  border-width: 0px;\n}\n.dt-icon-bg-on.shortcode-single-image-wrap.shortcode-single-image-70c29223a39b9942bfd174d7b98281eb .rollover-icon {\n  background: rgba(255,255,255,0.3);\n  box-shadow: none;\n}\n<\/style><div class=\"shortcode-single-image-wrap shortcode-single-image-70c29223a39b9942bfd174d7b98281eb alignnone  enable-bg-rollover dt-icon-bg-off\" style=\"margin-top:0px; margin-bottom:0px; margin-left:0px; margin-right:0px; width:1000px;\"><div class=\"shortcode-single-image\"><div class=\"fancy-media-wrap  layzr-bg\" style=\"\"><img decoding=\"async\" class=\"preload-me lazy-load aspect\" src=\"data:image\/svg+xml,%3Csvg%20xmlns%3D&#39;http%3A%2F%2Fwww.w3.org%2F2000%2Fsvg&#39;%20viewBox%3D&#39;0%200%20442%20664&#39;%2F%3E\" data-src=\"https:\/\/leaklab.net\/wordpress_9\/wp-content\/uploads\/2024\/05\/4-442x664.png\" data-srcset=\"https:\/\/leaklab.net\/wordpress_9\/wp-content\/uploads\/2024\/05\/4-442x664.png 442w\" loading=\"eager\" sizes=\"(max-width: 442px) 100vw, 442px\" width=\"442\" height=\"664\"  data-dt-location=\"https:\/\/leaklab.net\/?attachment_id=1436\" style=\"--ratio: 442 \/ 664;\" alt=\"\" \/><\/div><\/div><\/div>[\/vc_column][vc_column width=\u00bb1\/2&#8243;][vc_column_text css=\u00bb.vc_custom_1715703159982{padding-bottom: 20px !important;}\u00bb]<\/p>\n<h3>DETECCI\u00d3N Y LOCALIZACI\u00d3N<\/h3>\n<p>Con el pasar del tiempo la inmensa red de ductos comienzan a presentar problemas generando fugas y derrames as\u00ed como el alto \u00edndice de delincuencia a los hidrocarburos, es por ello que se ha desarrollado un m\u00e9todo que determine con precisi\u00f3n la ubicaci\u00f3n de fugas ya sea por desgaste del mismo o alg\u00fan tipo de acto il\u00edcito a lo largo del ducto para as\u00ed, localizar de manera r\u00e1pida, eficiente y a un bajo costo, donde se localiza el da\u00f1o, contribuyendo con la integridad de la red existente.<\/p>\n<p>LEAKLAB tiene la capacidad para detectar la mas m\u00ednima variaci\u00f3n en el ducto, cuando una fuga es detectada se genera una onda que se desplaza en ambas direcciones a lo largo del ducto. Al usar sensores de alta precisi\u00f3n los datos son enviados de manera encriptado y a su vez son analizados por m\u00e9todos estad\u00edsticos, siendo estos extremadamente confiables. El uso de Algoritmos y datos encriptados hacen de LEAKLAB un sistema confiable teniendo en cuenta lo siguiente:<\/p>\n<p>&nbsp;<\/p>\n<ul type=\"circle\">\n<li>Equipamiento de ultima tecnolog\u00eda.<\/li>\n<li>Trabajar bajo condiciones cr\u00edticas.<\/li>\n<li>Bajo costo de instalaci\u00f3n y mantenimiento.<\/li>\n<\/ul>\n<p>&nbsp;<\/p>\n<p>El sistema tiene la facilidad de acoplarse a cualquier equipo, cuenta con una base de datos robusta capaz de almacenar hist\u00f3ricos ilimitados<\/p>\n<p>Una vez detectada la fuga se genera un dato binario de manera encriptada la cual es enviada a un cuarto de control para su analisis, dicho dato contiene informacion fundamental para el cliente. tales como fuga en tiempo real, Geolocalizacion, Kilometraje, Anomalia de presion entre otras. las georeferencias son hoy en dia el medio mas eficaz para la localizacion.[\/vc_column_text][\/vc_column][\/vc_row]<\/p>\n<\/div>","protected":false},"excerpt":{"rendered":"<p>[vc_row][vc_column][vc_empty_space height=\u00bb75&#8243;][vc_empty_space height=\u00bb35&#8243;][vc_column_text css=\u00bb\u00bb] El uso de nuevas tecnolog\u00edas genera un gran impacto en la detecci\u00f3n de fugas, as\u00ed como la identificaci\u00f3n por p\u00e9rdida de producto ocasionada por robos; trayendo consigo ahorros importantes. [\/vc_column_text][\/vc_column][\/vc_row][vc_row css=\u00bb.vc_custom_1715702489212{padding-top: 25px !important;}\u00bb][vc_column width=\u00bb1\/2&#8243;][vc_row_inner css=\u00bb.vc_custom_1495105364136{padding-top: 30px !important;padding-right: 30px !important;padding-bottom: 40px !important;padding-left: 30px !important;}\u00bb][vc_column_inner][vc_column_text css=\u00bb.vc_custom_1715701931489{padding-bottom: 20px !important;}\u00bb] FUGAS EN DUCTOS Las redes&hellip;<\/p>\n","protected":false},"author":1,"featured_media":0,"parent":0,"menu_order":2,"comment_status":"closed","ping_status":"closed","template":"","meta":{"footnotes":""},"class_list":["post-27","page","type-page","status-publish","hentry","description-off"],"_links":{"self":[{"href":"https:\/\/leaklab.net\/index.php?rest_route=\/wp\/v2\/pages\/27","targetHints":{"allow":["GET"]}}],"collection":[{"href":"https:\/\/leaklab.net\/index.php?rest_route=\/wp\/v2\/pages"}],"about":[{"href":"https:\/\/leaklab.net\/index.php?rest_route=\/wp\/v2\/types\/page"}],"author":[{"embeddable":true,"href":"https:\/\/leaklab.net\/index.php?rest_route=\/wp\/v2\/users\/1"}],"replies":[{"embeddable":true,"href":"https:\/\/leaklab.net\/index.php?rest_route=%2Fwp%2Fv2%2Fcomments&post=27"}],"version-history":[{"count":18,"href":"https:\/\/leaklab.net\/index.php?rest_route=\/wp\/v2\/pages\/27\/revisions"}],"predecessor-version":[{"id":1439,"href":"https:\/\/leaklab.net\/index.php?rest_route=\/wp\/v2\/pages\/27\/revisions\/1439"}],"wp:attachment":[{"href":"https:\/\/leaklab.net\/index.php?rest_route=%2Fwp%2Fv2%2Fmedia&parent=27"}],"curies":[{"name":"wp","href":"https:\/\/api.w.org\/{rel}","templated":true}]}}