{"id":308,"date":"2016-06-28T01:40:45","date_gmt":"2016-06-28T00:40:45","guid":{"rendered":"https:\/\/the7.io\/construction\/?page_id=308"},"modified":"2024-04-15T14:38:43","modified_gmt":"2024-04-15T14:38:43","slug":"contact","status":"publish","type":"page","link":"https:\/\/leaklab.net\/?page_id=308","title":{"rendered":"Contact"},"content":{"rendered":"<div class=\"wpb-content-wrapper\"><p>[vc_row full_width=\u00bbstretch_row_content\u00bb bg_type=\u00bbimage\u00bb parallax_style=\u00bbvcpb-default\u00bb bg_image_new=\u00bbid^1245|url^http:\/\/leaklab.net\/wordpress_9\/wp-content\/uploads\/2024\/04\/icono-de-fondo-azul-07.png|caption^null|alt^null|title^icono de fondo azul-07|description^null\u00bb bg_image_repeat=\u00bbno-repeat\u00bb][vc_column]<div id=\"ultimate-heading-544969d0386026798\" class=\"uvc-heading ult-adjust-bottom-margin ultimate-heading-544969d0386026798 uvc-4446  uvc-heading-default-font-sizes\" data-hspacer=\"no_spacer\"  data-halign=\"center\" style=\"text-align:center\"><div class=\"uvc-heading-spacer no_spacer\" style=\"top\"><\/div><div class=\"uvc-main-heading ult-responsive\"  data-ultimate-target='.uvc-heading.ultimate-heading-544969d0386026798 h2'  data-responsive-json-new='{\"font-size\":\"\",\"line-height\":\"\"}' ><h2 style=\"--font-weight:theme;color:#ffffff;\">\u00a1CONT\u00c1CTENOS HOY MISMO!<\/h2><\/div><div class=\"uvc-sub-heading ult-responsive\"  data-ultimate-target='.uvc-heading.ultimate-heading-544969d0386026798 .uvc-sub-heading '  data-responsive-json-new='{\"font-size\":\"\",\"line-height\":\"\"}'  style=\"font-weight:normal;color:#ffffff;\"><\/p>\n<h3 style=\"text-align: center;\"><span style=\"color: #ffffff;\">Proteja su compa\u00f1\u00eda con Leaklab.<\/span><\/h3>\n<p><\/div><\/div>[\/vc_column][\/vc_row][vc_row gap=\u00bb30&#8243; equal_height=\u00bbyes\u00bb type=\u00bbvc_default\u00bb css=\u00bb.vc_custom_1495106084943{padding-right: 25px !important;padding-bottom: 40px !important;padding-left: 25px !important;}\u00bb][vc_column css=\u00bb.vc_custom_1495106016533{margin-bottom: 30px !important;padding-top: 30px !important;padding-right: 30px !important;padding-bottom: 40px !important;padding-left: 30px !important;background-color: #f4f4f4 !important;}\u00bb offset=\u00bbvc_col-lg-offset-0 vc_col-lg-6 vc_col-md-offset-0 vc_col-md-6 vc_col-sm-offset-0&#8243;][vc_column_text css=\u00bb\u00bb]<\/p>\n<h6><span style=\"color: #333333;\">Con nuestros equipos especializados y tecnolog\u00eda de punta, podemos identificar incluso las fugas m\u00e1s peque\u00f1as antes de que se conviertan en grandes problemas.<\/span><\/h6>\n<h6><span style=\"color: #333333;\">No arriesgue la seguridad de su personal, integridad de sus instalaciones y evita cat\u00e1strofes.<\/span><\/h6>\n<p>[\/vc_column_text]<style type=\"text\/css\" data-type=\"the7_shortcodes-inline-css\">.icon-with-text-shortcode.icon-text-id-58e137f86ab596b6827d4363dd198e9c .text-icon {\n  width: 24px;\n  height: 24px;\n  line-height: 24px;\n  font-size: 24px;\n  border-radius: 0px;\n  margin: 0px 10px 10px 0px;\n}\n.icon-with-text-shortcode.icon-text-id-58e137f86ab596b6827d4363dd198e9c .text-icon .icon-inner {\n  min-width: 24px;\n  min-height: 24px;\n  border-radius: 0px;\n}\n@media all and (-ms-high-contrast: none) {\n  .icon-with-text-shortcode.icon-text-id-58e137f86ab596b6827d4363dd198e9c .text-icon .icon-inner {\n    height: 24px;\n  }\n}\n.icon-with-text-shortcode.icon-text-id-58e137f86ab596b6827d4363dd198e9c .text-icon .dt-hover-icon {\n  line-height: 24px;\n}\n.icon-with-text-shortcode.icon-text-id-58e137f86ab596b6827d4363dd198e9c .text-icon:before,\n.icon-with-text-shortcode.icon-text-id-58e137f86ab596b6827d4363dd198e9c .text-icon:after,\n.icon-with-text-shortcode.icon-text-id-58e137f86ab596b6827d4363dd198e9c .text-icon .icon-inner:before,\n.icon-with-text-shortcode.icon-text-id-58e137f86ab596b6827d4363dd198e9c .text-icon .icon-inner:after {\n  min-width: 100%;\n  min-height: 100%;\n  padding: inherit;\n  border-radius: inherit;\n}\n.icon-with-text-shortcode.icon-text-id-58e137f86ab596b6827d4363dd198e9c .text-icon.dt-icon-border-on:before {\n  border-width: 0px;\n  border-style: solid;\n}\n.dt-icon-border-dashed.icon-with-text-shortcode.icon-text-id-58e137f86ab596b6827d4363dd198e9c .text-icon.dt-icon-border-on:before {\n  border-style: dashed;\n}\n.dt-icon-border-dotted.icon-with-text-shortcode.icon-text-id-58e137f86ab596b6827d4363dd198e9c .text-icon.dt-icon-border-on:before {\n  border-style: dotted;\n}\n.dt-icon-border-double.icon-with-text-shortcode.icon-text-id-58e137f86ab596b6827d4363dd198e9c .text-icon.dt-icon-border-on:before {\n  border-style: double;\n}\n.icon-with-text-shortcode.icon-text-id-58e137f86ab596b6827d4363dd198e9c .text-icon.dt-icon-border-dashed.dt-icon-border-on:before {\n  border-style: dashed;\n}\n.icon-with-text-shortcode.icon-text-id-58e137f86ab596b6827d4363dd198e9c .text-icon.dt-icon-border-dotted.dt-icon-border-on:before {\n  border-style: dotted;\n}\n.icon-with-text-shortcode.icon-text-id-58e137f86ab596b6827d4363dd198e9c .text-icon.dt-icon-border-double.dt-icon-border-on:before {\n  border-style: double;\n}\n.icon-with-text-shortcode.icon-text-id-58e137f86ab596b6827d4363dd198e9c .text-icon.dt-icon-hover-border-on:after {\n  border-width: 0px;\n  border-style: solid;\n}\n.icon-with-text-shortcode.icon-text-id-58e137f86ab596b6827d4363dd198e9c .text-icon.dt-icon-border-dashed.dt-icon-hover-border-on:after {\n  border-style: dashed;\n}\n.icon-with-text-shortcode.icon-text-id-58e137f86ab596b6827d4363dd198e9c .text-icon.dt-icon-border-dotted.dt-icon-hover-border-on:after {\n  border-style: dotted;\n}\n.icon-with-text-shortcode.icon-text-id-58e137f86ab596b6827d4363dd198e9c .text-icon.dt-icon-border-double.dt-icon-hover-border-on:after {\n  border-style: double;\n}\n.icon-with-text-shortcode.icon-text-id-58e137f86ab596b6827d4363dd198e9c .text-icon.dt-icon-hover-on:hover {\n  font-size: 24px;\n}\n#page .icon-with-text-shortcode.icon-text-id-58e137f86ab596b6827d4363dd198e9c .text-icon.dt-icon-hover-on:hover .soc-font-icon,\n#phantom .icon-with-text-shortcode.icon-text-id-58e137f86ab596b6827d4363dd198e9c .text-icon.dt-icon-hover-on:hover .soc-font-icon,\n#page .icon-with-text-shortcode.icon-text-id-58e137f86ab596b6827d4363dd198e9c .text-icon.dt-icon-hover-on:hover .soc-icon,\n#phantom .icon-with-text-shortcode.icon-text-id-58e137f86ab596b6827d4363dd198e9c .text-icon.dt-icon-hover-on:hover .soc-icon {\n  color: #fff;\n  background: none;\n}\n.icon-with-text-shortcode.icon-text-id-58e137f86ab596b6827d4363dd198e9c.layout-1 {\n  grid-template-columns: 24px minmax(0,1fr);\n  grid-column-gap: 10px;\n}\n.icon-with-text-shortcode.icon-text-id-58e137f86ab596b6827d4363dd198e9c.layout-2 {\n  grid-template-columns: minmax(0,1fr) 24px;\n  grid-column-gap: 0px;\n}\n.icon-with-text-shortcode.icon-text-id-58e137f86ab596b6827d4363dd198e9c.layout-2 .text-icon {\n  margin-left: 0;\n}\n.icon-with-text-shortcode.icon-text-id-58e137f86ab596b6827d4363dd198e9c.layout-3 {\n  grid-template-columns: 24px minmax(0,1fr);\n}\n.icon-with-text-shortcode.icon-text-id-58e137f86ab596b6827d4363dd198e9c.layout-3 .dt-text-title {\n  margin-left: 10px;\n}\n.icon-with-text-shortcode.icon-text-id-58e137f86ab596b6827d4363dd198e9c .dt-text-title,\n.icon-with-text-shortcode.icon-text-id-58e137f86ab596b6827d4363dd198e9c .dt-text-title a {\n  font-weight: bold;\n}\n.icon-with-text-shortcode.icon-text-id-58e137f86ab596b6827d4363dd198e9c .dt-text-title {\n  margin-bottom: 10px;\n}\n.icon-with-text-shortcode.icon-text-id-58e137f86ab596b6827d4363dd198e9c .dt-text-desc {\n  margin-bottom: 0px;\n  font-size: 16px;\n  line-height: 28px;\n}\n<\/style><div class=\"icon-with-text-shortcode  icon-text-id-58e137f86ab596b6827d4363dd198e9c layout-3  vc_custom_1712958716957 \" ><span   class=\"text-icon dt-icon-bg-off dt-icon-hover-off\" ><span class=\"icon-inner\"><i class=\"dt-regular-icon soc-icon icomoon-the7-font-the7-phone-04\"><\/i><i class=\"dt-hover-icon soc-icon icomoon-the7-font-the7-phone-04\"><\/i><\/span><\/span><h5 class=\"dt-text-title\"  >Call us<\/h5><div class=\"dt-text-desc\">01 800 286 7349<\/div><\/div><style type=\"text\/css\" data-type=\"the7_shortcodes-inline-css\">.icon-with-text-shortcode.icon-text-id-9b2f059c3acae0e84effafe090d08190 .text-icon {\n  width: 24px;\n  height: 24px;\n  line-height: 24px;\n  font-size: 24px;\n  border-radius: 0px;\n  margin: 0px 10px 10px 0px;\n}\n.icon-with-text-shortcode.icon-text-id-9b2f059c3acae0e84effafe090d08190 .text-icon .icon-inner {\n  min-width: 24px;\n  min-height: 24px;\n  border-radius: 0px;\n}\n@media all and (-ms-high-contrast: none) {\n  .icon-with-text-shortcode.icon-text-id-9b2f059c3acae0e84effafe090d08190 .text-icon .icon-inner {\n    height: 24px;\n  }\n}\n.icon-with-text-shortcode.icon-text-id-9b2f059c3acae0e84effafe090d08190 .text-icon .dt-hover-icon {\n  line-height: 24px;\n}\n.icon-with-text-shortcode.icon-text-id-9b2f059c3acae0e84effafe090d08190 .text-icon:before,\n.icon-with-text-shortcode.icon-text-id-9b2f059c3acae0e84effafe090d08190 .text-icon:after,\n.icon-with-text-shortcode.icon-text-id-9b2f059c3acae0e84effafe090d08190 .text-icon .icon-inner:before,\n.icon-with-text-shortcode.icon-text-id-9b2f059c3acae0e84effafe090d08190 .text-icon .icon-inner:after {\n  min-width: 100%;\n  min-height: 100%;\n  padding: inherit;\n  border-radius: inherit;\n}\n.icon-with-text-shortcode.icon-text-id-9b2f059c3acae0e84effafe090d08190 .text-icon.dt-icon-border-on:before {\n  border-width: 0px;\n  border-style: solid;\n}\n.dt-icon-border-dashed.icon-with-text-shortcode.icon-text-id-9b2f059c3acae0e84effafe090d08190 .text-icon.dt-icon-border-on:before {\n  border-style: dashed;\n}\n.dt-icon-border-dotted.icon-with-text-shortcode.icon-text-id-9b2f059c3acae0e84effafe090d08190 .text-icon.dt-icon-border-on:before {\n  border-style: dotted;\n}\n.dt-icon-border-double.icon-with-text-shortcode.icon-text-id-9b2f059c3acae0e84effafe090d08190 .text-icon.dt-icon-border-on:before {\n  border-style: double;\n}\n.icon-with-text-shortcode.icon-text-id-9b2f059c3acae0e84effafe090d08190 .text-icon.dt-icon-border-dashed.dt-icon-border-on:before {\n  border-style: dashed;\n}\n.icon-with-text-shortcode.icon-text-id-9b2f059c3acae0e84effafe090d08190 .text-icon.dt-icon-border-dotted.dt-icon-border-on:before {\n  border-style: dotted;\n}\n.icon-with-text-shortcode.icon-text-id-9b2f059c3acae0e84effafe090d08190 .text-icon.dt-icon-border-double.dt-icon-border-on:before {\n  border-style: double;\n}\n.icon-with-text-shortcode.icon-text-id-9b2f059c3acae0e84effafe090d08190 .text-icon.dt-icon-hover-border-on:after {\n  border-width: 0px;\n  border-style: solid;\n}\n.icon-with-text-shortcode.icon-text-id-9b2f059c3acae0e84effafe090d08190 .text-icon.dt-icon-border-dashed.dt-icon-hover-border-on:after {\n  border-style: dashed;\n}\n.icon-with-text-shortcode.icon-text-id-9b2f059c3acae0e84effafe090d08190 .text-icon.dt-icon-border-dotted.dt-icon-hover-border-on:after {\n  border-style: dotted;\n}\n.icon-with-text-shortcode.icon-text-id-9b2f059c3acae0e84effafe090d08190 .text-icon.dt-icon-border-double.dt-icon-hover-border-on:after {\n  border-style: double;\n}\n.icon-with-text-shortcode.icon-text-id-9b2f059c3acae0e84effafe090d08190 .text-icon.dt-icon-hover-on:hover {\n  font-size: 24px;\n}\n#page .icon-with-text-shortcode.icon-text-id-9b2f059c3acae0e84effafe090d08190 .text-icon.dt-icon-hover-on:hover .soc-font-icon,\n#phantom .icon-with-text-shortcode.icon-text-id-9b2f059c3acae0e84effafe090d08190 .text-icon.dt-icon-hover-on:hover .soc-font-icon,\n#page .icon-with-text-shortcode.icon-text-id-9b2f059c3acae0e84effafe090d08190 .text-icon.dt-icon-hover-on:hover .soc-icon,\n#phantom .icon-with-text-shortcode.icon-text-id-9b2f059c3acae0e84effafe090d08190 .text-icon.dt-icon-hover-on:hover .soc-icon {\n  color: #fff;\n  background: none;\n}\n.icon-with-text-shortcode.icon-text-id-9b2f059c3acae0e84effafe090d08190.layout-1 {\n  grid-template-columns: 24px minmax(0,1fr);\n  grid-column-gap: 10px;\n}\n.icon-with-text-shortcode.icon-text-id-9b2f059c3acae0e84effafe090d08190.layout-2 {\n  grid-template-columns: minmax(0,1fr) 24px;\n  grid-column-gap: 0px;\n}\n.icon-with-text-shortcode.icon-text-id-9b2f059c3acae0e84effafe090d08190.layout-2 .text-icon {\n  margin-left: 0;\n}\n.icon-with-text-shortcode.icon-text-id-9b2f059c3acae0e84effafe090d08190.layout-3 {\n  grid-template-columns: 24px minmax(0,1fr);\n}\n.icon-with-text-shortcode.icon-text-id-9b2f059c3acae0e84effafe090d08190.layout-3 .dt-text-title {\n  margin-left: 10px;\n}\n.icon-with-text-shortcode.icon-text-id-9b2f059c3acae0e84effafe090d08190 .dt-text-title,\n.icon-with-text-shortcode.icon-text-id-9b2f059c3acae0e84effafe090d08190 .dt-text-title a {\n  font-weight: bold;\n}\n.icon-with-text-shortcode.icon-text-id-9b2f059c3acae0e84effafe090d08190 .dt-text-title {\n  margin-bottom: 10px;\n}\n.icon-with-text-shortcode.icon-text-id-9b2f059c3acae0e84effafe090d08190 .dt-text-desc {\n  margin-bottom: 0px;\n  font-size: 16px;\n  line-height: 28px;\n}\n<\/style><div class=\"icon-with-text-shortcode  icon-text-id-9b2f059c3acae0e84effafe090d08190 layout-3  vc_custom_1712958457332 \" ><span   class=\"text-icon dt-icon-bg-off dt-icon-hover-off\" ><span class=\"icon-inner\"><i class=\"dt-regular-icon soc-icon icomoon-the7-font-the7-mail-08\"><\/i><i class=\"dt-hover-icon soc-icon icomoon-the7-font-the7-mail-08\"><\/i><\/span><\/span><h5 class=\"dt-text-title\"  >Email<\/h5><div class=\"dt-text-desc\">info@leaklab.net<\/div><\/div>[\/vc_column][vc_column css=\u00bb.vc_custom_1495106021822{margin-bottom: 30px !important;padding-top: 30px !important;padding-right: 30px !important;padding-bottom: 40px !important;padding-left: 30px !important;background-color: #f4f4f4 !important;}\u00bb offset=\u00bbvc_col-lg-6 vc_col-md-6&#8243;]<div id=\"ultimate-heading-832269d03860268b3\" class=\"uvc-heading ult-adjust-bottom-margin ultimate-heading-832269d03860268b3 uvc-2547 \" data-hspacer=\"no_spacer\"  data-halign=\"left\" style=\"text-align:left\"><div class=\"uvc-heading-spacer no_spacer\" style=\"top\"><\/div><div class=\"uvc-main-heading ult-responsive\"  data-ultimate-target='.uvc-heading.ultimate-heading-832269d03860268b3 h2'  data-responsive-json-new='{\"font-size\":\"desktop:26px;\",\"line-height\":\"desktop:36px;\"}' ><h2 style=\"font-weight:bold;margin-bottom:30px;\">Contact Form<\/h2><\/div><\/div><form class=\"dt-contact-form dt-form\" method=\"post\"><input type=\"hidden\" name=\"widget_id\" value=\"presscore-contact-form-widget--1\" \/><input type=\"hidden\" name=\"send_message\" value=\"\" \/><input type=\"hidden\" name=\"security_token\" value=\"0888c41954465198a25c\"\/><div class=\"form-fields\"><span class=\"form-name\"><label class=\"assistive-text\">Name *<\/label><input type=\"text\" class=\"validate[required]\" placeholder=\"Name *\" name=\"name\" value=\"\" aria-required=\"true\">\n<\/span><span class=\"form-mail\"><label class=\"assistive-text\">E-mail *<\/label><input type=\"text\" class=\"validate[required,custom[email]]\" placeholder=\"E-mail *\" name=\"email\" value=\"\" aria-required=\"true\">\n<\/span><span class=\"form-telephone\"><label class=\"assistive-text\">Telephone<\/label><input type=\"text\" placeholder=\"Telephone\" name=\"telephone\" value=\"\" aria-required=\"false\">\n<\/span><\/div><span class=\"form-message\"><label class=\"assistive-text\">Message<\/label><textarea placeholder=\"Message\" name=\"message\" rows=\"7\" aria-required=\"false\"><\/textarea>\n<\/span><p><a href=\"#\" class=\"dt-btn dt-btn-m dt-btn-submit\" rel=\"nofollow\"><span>Send message<\/span><\/a><input class=\"assistive-text\" type=\"submit\" value=\"submit\"><\/p><\/form>\n[\/vc_column][\/vc_row]<\/p>\n<\/div>","protected":false},"excerpt":{"rendered":"<p>[vc_row full_width=\u00bbstretch_row_content\u00bb bg_type=\u00bbimage\u00bb parallax_style=\u00bbvcpb-default\u00bb bg_image_new=\u00bbid^1245|url^http:\/\/leaklab.net\/wordpress_9\/wp-content\/uploads\/2024\/04\/icono-de-fondo-azul-07.png|caption^null|alt^null|title^icono de fondo azul-07|description^null\u00bb bg_image_repeat=\u00bbno-repeat\u00bb][vc_column][\/vc_column][\/vc_row][vc_row gap=\u00bb30&#8243; equal_height=\u00bbyes\u00bb type=\u00bbvc_default\u00bb css=\u00bb.vc_custom_1495106084943{padding-right: 25px !important;padding-bottom: 40px !important;padding-left: 25px !important;}\u00bb][vc_column css=\u00bb.vc_custom_1495106016533{margin-bottom: 30px !important;padding-top: 30px !important;padding-right: 30px !important;padding-bottom: 40px !important;padding-left: 30px !important;background-color: #f4f4f4 !important;}\u00bb offset=\u00bbvc_col-lg-offset-0 vc_col-lg-6 vc_col-md-offset-0 vc_col-md-6 vc_col-sm-offset-0&#8243;][vc_column_text css=\u00bb\u00bb] Con nuestros equipos especializados y tecnolog\u00eda de punta, podemos identificar incluso las fugas m\u00e1s peque\u00f1as antes de&hellip;<\/p>\n","protected":false},"author":1,"featured_media":0,"parent":0,"menu_order":4,"comment_status":"closed","ping_status":"closed","template":"","meta":{"footnotes":""},"class_list":["post-308","page","type-page","status-publish","hentry","description-off"],"_links":{"self":[{"href":"https:\/\/leaklab.net\/index.php?rest_route=\/wp\/v2\/pages\/308","targetHints":{"allow":["GET"]}}],"collection":[{"href":"https:\/\/leaklab.net\/index.php?rest_route=\/wp\/v2\/pages"}],"about":[{"href":"https:\/\/leaklab.net\/index.php?rest_route=\/wp\/v2\/types\/page"}],"author":[{"embeddable":true,"href":"https:\/\/leaklab.net\/index.php?rest_route=\/wp\/v2\/users\/1"}],"replies":[{"embeddable":true,"href":"https:\/\/leaklab.net\/index.php?rest_route=%2Fwp%2Fv2%2Fcomments&post=308"}],"version-history":[{"count":15,"href":"https:\/\/leaklab.net\/index.php?rest_route=\/wp\/v2\/pages\/308\/revisions"}],"predecessor-version":[{"id":1391,"href":"https:\/\/leaklab.net\/index.php?rest_route=\/wp\/v2\/pages\/308\/revisions\/1391"}],"wp:attachment":[{"href":"https:\/\/leaklab.net\/index.php?rest_route=%2Fwp%2Fv2%2Fmedia&parent=308"}],"curies":[{"name":"wp","href":"https:\/\/api.w.org\/{rel}","templated":true}]}}